{"id":94,"date":"2013-08-13T16:52:40","date_gmt":"2013-08-13T15:52:40","guid":{"rendered":"http:\/\/akheros.com\/fr\/?page_id=94"},"modified":"2019-12-01T23:49:04","modified_gmt":"2019-12-01T22:49:04","slug":"nous-recrutons","status":"publish","type":"page","link":"https:\/\/akheros.com\/fr\/nous-recrutons","title":{"rendered":"Nous recrutons"},"content":{"rendered":"<p style=\"text-align: justify;\"><span style=\"font-family: 'trebuchet ms', geneva;\"><a href=\"https:\/\/akheros.com\/fr\/wp-content\/uploads\/sites\/2\/2013\/08\/Slice-11.png\"><img loading=\"lazy\" class=\"alignnone size-full wp-image-31\" src=\"https:\/\/akheros.com\/fr\/wp-content\/uploads\/sites\/2\/2013\/08\/Slice-11.png\" alt=\"Slice-1\" width=\"64\" height=\"54\" \/><\/a><span style=\"font-size: 14px;\">\u00a0<img loading=\"lazy\" class=\"alignnone size-full wp-image-28\" src=\"https:\/\/akheros.com\/fr\/wp-content\/uploads\/sites\/2\/2013\/08\/Slice-1-101.png\" alt=\"Slice-1-10\" width=\"64\" height=\"54\" \/><img loading=\"lazy\" class=\"alignnone size-full wp-image-29\" src=\"https:\/\/akheros.com\/fr\/wp-content\/uploads\/sites\/2\/2013\/08\/Slice-1-111.png\" alt=\"Slice-1-11\" width=\"64\" height=\"54\" \/><a href=\"https:\/\/akheros.com\/fr\/wp-content\/uploads\/sites\/2\/2013\/08\/Slice-1-121.png\"><img loading=\"lazy\" class=\"alignnone size-full wp-image-30\" src=\"https:\/\/akheros.com\/fr\/wp-content\/uploads\/sites\/2\/2013\/08\/Slice-1-121.png\" alt=\"Slice-1-12\" width=\"64\" height=\"54\" \/><\/a><\/span><\/span><\/p>\n<p style=\"text-align: center;\"><strong><span style=\"font-size: 18px; font-family: 'trebuchet ms', geneva;\">Offres d&#8217;emploi CDI &#8211; CDD &#8211; Stages &#8211; Jeunes Docteurs<\/span><\/strong><\/p>\n<p style=\"text-align: center;\"><strong><span style=\"font-size: 18px; font-family: 'trebuchet ms', geneva;\">Chercheurs-d\u00e9veloppeurs, math\u00e9maticiens (probabilit\u00e9s, Bayesien) et concepteurs<\/span><\/strong><\/p>\n<p style=\"text-align: justify;\">\n<p style=\"text-align: justify;\"><span style=\"font-family: 'trebuchet ms', geneva; font-size: 14px;\">Akheros SAS est une start-up d\u00e9veloppant une technologie d&rsquo;apprentissage comportemental innovante pour des applications de cybers\u00e9curit\u00e9 (IPS, IDS, d\u00e9fense de r\u00e9seaux). Nous d\u00e9veloppons des composants autonomes pour l&rsquo;IDS, l&rsquo;IPS et la d\u00e9tection des APT. Nous recherchons de nouveaux collaborateurs (CDI et CDD), doctorants et stagiaires, pour nous aider \u00e0 construire et impl\u00e9menter nos solutions d&rsquo;apprentissage comportementaux dans des environnements adverses. Les candidats s\u00e9lectionn\u00e9s contribueront \u00e0 la cr\u00e9ation, au d\u00e9veloppement et \u00e0 l&rsquo;int\u00e9gration des algorithmes d&rsquo;Akheros.<\/span><\/p>\n<p style=\"text-align: justify;\"><span style=\"font-family: 'trebuchet ms', geneva; font-size: 14px;\"><strong>\u00c0 propos de vous<\/strong><\/span><\/p>\n<p style=\"text-align: justify;\"><span style=\"font-family: 'trebuchet ms', geneva; font-size: 14px;\">Vous savez coder. Vous pratiquez l&rsquo;apprentissage machine (Bayesien), et vous \u00eates familier de leur conception, leur d\u00e9ploiement et leur mise en \u0153uvre. Vous avez une connaissance approfondie des IDS et des IPS. Vous souhaitez participer au lancement et \u00e0 la croissance d&rsquo;une start up internationale qui b\u00e9n\u00e9ficie d\u00e9j\u00e0 de partenariats avec des industriels renomm\u00e9s. \u00a0<\/span><\/p>\n<p style=\"text-align: justify;\"><span style=\"font-family: 'trebuchet ms', geneva; font-size: 14px;\"><strong>Vous \u00eates:<\/strong><\/span><\/p>\n<p style=\"text-align: justify;\"><span style=\"font-family: 'trebuchet ms', geneva; font-size: 14px;\">&#8211; Un solveur m\u00e9thodique de probl\u00e8mes<\/span><\/p>\n<p style=\"text-align: justify;\"><span style=\"font-family: 'trebuchet ms', geneva; font-size: 14px;\">&#8211; Quelqu&rsquo;un qui aime travailler dans un environnement dynamique avec un esprit d&rsquo;\u00e9quipe<\/span><\/p>\n<p style=\"text-align: justify;\"><span style=\"font-family: 'trebuchet ms', geneva; font-size: 14px;\">&#8211; Capable de relever des d\u00e9fis techniques et logiciels que d&rsquo;autres consid\u00e9reraient comme hors de port\u00e9e<\/span><\/p>\n<p style=\"text-align: justify;\"><span style=\"font-family: 'trebuchet ms', geneva; font-size: 14px;\"><strong>Qualifications<\/strong><\/span><\/p>\n<p style=\"text-align: justify;\"><span style=\"font-family: 'trebuchet ms', geneva; font-size: 14px;\">Vous devez poss\u00e9der une ou plusieurs des qualifications minimales \u00e9num\u00e9r\u00e9es ci-dessous pour \u00eatre consid\u00e9r\u00e9 pour ce poste. Votre exp\u00e9rience a \u00e9t\u00e9 obtenue gr\u00e2ce \u00e0 une combinaison de votre travail personnel \/ formation \/ recherche et\/ou lors d&rsquo;un d&#8217;emploi ant\u00e9rieur pertinent ou d&rsquo;un stage.<\/span><\/p>\n<p style=\"text-align: justify;\"><span style=\"font-family: 'trebuchet ms', geneva; font-size: 14px;\">&#8211; Exp\u00e9rience de programmation dans les domaines de la cybers\u00e9curit\u00e9 (IDS, IPS) et l&rsquo;apprentissage machine (bayesien) et\/ou dans le cadre de votre \u00a0carri\u00e8re de jeune chercheur (ie. publications dans TPAMI, Rec Sys, KDD, ICML, les PIN, AAAI, AI STATS, etc)<\/span><\/p>\n<p style=\"text-align: justify;\"><span style=\"font-family: 'trebuchet ms', geneva; font-size: 14px;\">&#8211; Dipl\u00f4m\u00e9 ou de poursuivant actuellement une ma\u00eetrise ou un doctorat en \u00a0informatique, probabilit\u00e9s, algorithmique ou math\u00e9matiques appliqu\u00e9es.<\/span><\/p>\n<p style=\"text-align: justify;\"><span style=\"font-family: 'trebuchet ms', geneva; font-size: 14px;\">&#8211; Minimum de 3 mois d&rsquo;exp\u00e9rience avec les langages de programmation de logiciels \/ cadres (c. C + +, Python, Java, Matlab, Octave, R Langue, WEKA, Rapid Miner, WinBUGS, etc)<\/span><\/p>\n<p style=\"text-align: justify;\"><span style=\"font-family: 'trebuchet ms', geneva; font-size: 14px;\">&#8211; Mise au point de la recherche sur des mod\u00e8les graphiques probabilistes, d&rsquo;apprentissage en profondeur, la programmation probabiliste, \u00a0l&rsquo;inf\u00e9rence statistique et la d\u00e9couverte de connaissances (TAN, apprentissage non supervis\u00e9).\u00a0<\/span><\/p>\n<p style=\"text-align: justify;\"><span style=\"font-family: 'trebuchet ms', geneva; font-size: 14px;\"><strong>\u00c0 propos d&rsquo;Akheros<\/strong><\/span><\/p>\n<p style=\"text-align: justify;\"><span style=\"font-family: 'trebuchet ms', geneva; font-size: 14px;\">Chez Akheros, nous recherchons des solutions pour r\u00e9soudre des probl\u00e8mes que d&rsquo;autres ont laiss\u00e9 tomber. Nous croyons aux infrastructures intelligentes au-del\u00e0 des pistes actuellement offertes par le morphing ou la reconfiguration apprenante.<\/span><\/p>\n<p style=\"text-align: center;\"><a href=\"mailto: ceo@akheros.com\"><img loading=\"lazy\" class=\"size-medium wp-image-100 aligncenter\" src=\"https:\/\/akheros.com\/fr\/wp-content\/uploads\/sites\/2\/2013\/08\/nous_ecrire-300x67.png\" alt=\"\" width=\"300\" height=\"67\" srcset=\"https:\/\/akheros.com\/fr\/wp-content\/uploads\/sites\/2\/2013\/08\/nous_ecrire-300x67.png 300w, https:\/\/akheros.com\/fr\/wp-content\/uploads\/sites\/2\/2013\/08\/nous_ecrire.png 338w\" sizes=\"(max-width: 300px) 100vw, 300px\" \/><\/a><\/p>\n","protected":false},"excerpt":{"rendered":"<p>\u00a0 Offres d&#8217;emploi CDI &#8211; CDD &#8211; Stages &#8211; Jeunes Docteurs Chercheurs-d\u00e9veloppeurs, math\u00e9maticiens (probabilit\u00e9s, Bayesien) et concepteurs Akheros SAS est une start-up d\u00e9veloppant une technologie d&rsquo;apprentissage comportemental innovante pour des applications de cybers\u00e9curit\u00e9 (IPS, IDS, d\u00e9fense de r\u00e9seaux). Nous d\u00e9veloppons des composants autonomes pour l&rsquo;IDS, l&rsquo;IPS et la d\u00e9tection des APT. Nous recherchons de nouveaux [&hellip;]<\/p>\n","protected":false},"author":1,"featured_media":0,"parent":0,"menu_order":0,"comment_status":"closed","ping_status":"closed","template":"","meta":[],"_links":{"self":[{"href":"https:\/\/akheros.com\/fr\/wp-json\/wp\/v2\/pages\/94"}],"collection":[{"href":"https:\/\/akheros.com\/fr\/wp-json\/wp\/v2\/pages"}],"about":[{"href":"https:\/\/akheros.com\/fr\/wp-json\/wp\/v2\/types\/page"}],"author":[{"embeddable":true,"href":"https:\/\/akheros.com\/fr\/wp-json\/wp\/v2\/users\/1"}],"replies":[{"embeddable":true,"href":"https:\/\/akheros.com\/fr\/wp-json\/wp\/v2\/comments?post=94"}],"version-history":[{"count":5,"href":"https:\/\/akheros.com\/fr\/wp-json\/wp\/v2\/pages\/94\/revisions"}],"predecessor-version":[{"id":108,"href":"https:\/\/akheros.com\/fr\/wp-json\/wp\/v2\/pages\/94\/revisions\/108"}],"wp:attachment":[{"href":"https:\/\/akheros.com\/fr\/wp-json\/wp\/v2\/media?parent=94"}],"curies":[{"name":"wp","href":"https:\/\/api.w.org\/{rel}","templated":true}]}}