{"id":5,"date":"2013-08-10T21:00:55","date_gmt":"2013-08-10T20:00:55","guid":{"rendered":"http:\/\/akheros.com\/fr\/?page_id=5"},"modified":"2013-08-13T13:47:29","modified_gmt":"2013-08-13T12:47:29","slug":"a-propos","status":"publish","type":"page","link":"https:\/\/akheros.com\/fr\/a-propos","title":{"rendered":"A propos"},"content":{"rendered":"<p style=\"text-align: justify;\"><img loading=\"lazy\" class=\"alignnone size-full wp-image-31\" alt=\"Slice-1\" src=\"https:\/\/akheros.com\/fr\/wp-content\/uploads\/sites\/2\/2013\/08\/Slice-11.png\" width=\"64\" height=\"54\" \/><img loading=\"lazy\" class=\"alignnone size-full wp-image-28\" alt=\"Slice-1-10\" src=\"https:\/\/akheros.com\/fr\/wp-content\/uploads\/sites\/2\/2013\/08\/Slice-1-101.png\" width=\"64\" height=\"54\" \/> <img loading=\"lazy\" class=\"alignnone size-full wp-image-29\" alt=\"Slice-1-11\" src=\"https:\/\/akheros.com\/fr\/wp-content\/uploads\/sites\/2\/2013\/08\/Slice-1-111.png\" width=\"64\" height=\"54\" \/> <img loading=\"lazy\" class=\"alignnone size-full wp-image-30\" alt=\"Slice-1-12\" src=\"https:\/\/akheros.com\/fr\/wp-content\/uploads\/sites\/2\/2013\/08\/Slice-1-121.png\" width=\"64\" height=\"54\" \/><\/p>\n<p style=\"text-align: justify;\"><span style=\"font-family: trebuchet ms,geneva; font-size: 16px;\">Akheros est une soci\u00e9t\u00e9 d\u00e9veloppant un composant logiciel de d\u00e9tection des incongruit\u00e9s comportementales au sein de r\u00e9seaux informatiques. Sa conception unique permet de d\u00e9tecter des attaques avanc\u00e9es et persistantes (APTs) qui n\u2019ont jamais fait l\u2019objet d\u2019une d\u00e9couverte ou d\u2019une d\u00e9tection pr\u00e9alable. Ses algorithmes apprennent, sans supervision et sans intervention externe,\u00a0 le comportement d\u2019une machine et construisent en tout point d\u2019un r\u00e9seau sa d\u00e9fense autonome.<\/span><\/p>\n<p style=\"text-align: justify;\"><span style=\"font-family: trebuchet ms,geneva; font-size: 16px;\">Akheros est commercialis\u00e9 comme un composant autonome de r\u00e9seau (OEM) ainsi que comme un service (SAAS) permettant d\u2019adresser les march\u00e9s de la d\u00e9fense de r\u00e9seaux, du transport de mat\u00e9riaux sensibles, la surveillance de cha\u00eene de production ainsi que la protection des infrastructures critiques.<\/span><\/p>\n","protected":false},"excerpt":{"rendered":"<p>Akheros est une soci\u00e9t\u00e9 d\u00e9veloppant un composant logiciel de d\u00e9tection des incongruit\u00e9s comportementales au sein de r\u00e9seaux informatiques. Sa conception unique permet de d\u00e9tecter des attaques avanc\u00e9es et persistantes (APTs) qui n\u2019ont jamais fait l\u2019objet d\u2019une d\u00e9couverte ou d\u2019une d\u00e9tection pr\u00e9alable. Ses algorithmes apprennent, sans supervision et sans intervention externe,\u00a0 le comportement d\u2019une machine et [&hellip;]<\/p>\n","protected":false},"author":1,"featured_media":89,"parent":0,"menu_order":0,"comment_status":"open","ping_status":"open","template":"","meta":[],"_links":{"self":[{"href":"https:\/\/akheros.com\/fr\/wp-json\/wp\/v2\/pages\/5"}],"collection":[{"href":"https:\/\/akheros.com\/fr\/wp-json\/wp\/v2\/pages"}],"about":[{"href":"https:\/\/akheros.com\/fr\/wp-json\/wp\/v2\/types\/page"}],"author":[{"embeddable":true,"href":"https:\/\/akheros.com\/fr\/wp-json\/wp\/v2\/users\/1"}],"replies":[{"embeddable":true,"href":"https:\/\/akheros.com\/fr\/wp-json\/wp\/v2\/comments?post=5"}],"version-history":[{"count":3,"href":"https:\/\/akheros.com\/fr\/wp-json\/wp\/v2\/pages\/5\/revisions"}],"predecessor-version":[{"id":74,"href":"https:\/\/akheros.com\/fr\/wp-json\/wp\/v2\/pages\/5\/revisions\/74"}],"wp:featuredmedia":[{"embeddable":true,"href":"https:\/\/akheros.com\/fr\/wp-json\/wp\/v2\/media\/89"}],"wp:attachment":[{"href":"https:\/\/akheros.com\/fr\/wp-json\/wp\/v2\/media?parent=5"}],"curies":[{"name":"wp","href":"https:\/\/api.w.org\/{rel}","templated":true}]}}